{"id":594,"date":"2024-06-05T10:37:53","date_gmt":"2024-06-05T16:37:53","guid":{"rendered":"https:\/\/grupoborealgas.com\/vehicular\/?page_id=594"},"modified":"2025-10-15T18:48:14","modified_gmt":"2025-10-16T00:48:14","slug":"calcula-tu-ahorro","status":"publish","type":"page","link":"https:\/\/grupoborealgas.com\/vehicular\/calcula-tu-ahorro\/","title":{"rendered":"Calcula tu ahorro"},"content":{"rendered":"\t\t<div data-elementor-type=\"wp-page\" data-elementor-id=\"594\" class=\"elementor elementor-594\" data-elementor-post-type=\"page\">\n\t\t\t\t<div class=\"elementor-element elementor-element-70725a5c e-con-full wd-section-stretch-content e-flex e-con e-parent\" data-id=\"70725a5c\" data-element_type=\"container\" data-e-type=\"container\" data-settings=\"{&quot;background_background&quot;:&quot;classic&quot;}\">\n\t\t\t\t<div class=\"elementor-element elementor-element-2f815b41 wd-width-100 exad-sticky-section-no exad-glass-effect-no elementor-widget elementor-widget-wd_title\" data-id=\"2f815b41\" data-element_type=\"widget\" data-e-type=\"widget\" data-settings=\"{&quot;_animation&quot;:&quot;none&quot;}\" data-widget_type=\"wd_title.default\">\n\t\t\t\t<div class=\"elementor-widget-container\">\n\t\t\t\t\t\t\t<div class=\"title-wrapper wd-set-mb reset-last-child wd-title-color-white wd-title-style-bordered wd-title-size-extra-large text-left\">\n\n\t\t\t\n\t\t\t<div class=\"liner-continer\">\n\t\t\t\t<h4 class=\"woodmart-title-container title wd-fontsize-xxxl wd-underline-colored\">CALCULA<br \/>\n<u>TU AHORRO <\/u><br \/>\nEN GAS NATURAL<br \/>\nVEH\u00cdCULAR<\/h4> \n\t\t\t\t\t\t\t<\/div>\n\n\t\t\t\t\t\t\t<div class=\"title-after_title reset-last-child wd-fontsize-s\">\n\t\t\t\t\t<p>Eco-n\u00f3micamente Eco-l\u00f3gico<\/p>\t\t\t\t<\/div>\n\t\t\t\t\t<\/div>\n\t\t\t\t\t\t<\/div>\n\t\t\t\t<\/div>\n\t\t\t\t<\/div>\n\t\t<div class=\"elementor-element elementor-element-da3238f e-con-full wd-section-stretch e-flex e-con e-parent\" data-id=\"da3238f\" data-element_type=\"container\" data-e-type=\"container\" data-settings=\"{&quot;background_background&quot;:&quot;classic&quot;}\">\n\t\t\t\t<div class=\"elementor-element elementor-element-a90fa4d elementor-widget__width-auto exad-sticky-section-no exad-glass-effect-no elementor-widget elementor-widget-stm_calc\" data-id=\"a90fa4d\" data-element_type=\"widget\" data-e-type=\"widget\" data-widget_type=\"stm_calc.default\">\n\t\t\t\t<div class=\"elementor-widget-container\">\n\t\t\t\t\t<script type=\"text\/javascript\">window[\"ccb_front_template_593\"] = [];<\/script>\n<div class=\"ccb-main-widget \" id=\"ccb_app_593\" data-calc-id=\"593\"><\/div>\n\t\t\t\t<\/div>\n\t\t\t\t<\/div>\n\t\t\t\t<\/div>\n\t\t<div class=\"elementor-element elementor-element-019c206 e-flex e-con-boxed e-con e-parent\" data-id=\"019c206\" data-element_type=\"container\" data-e-type=\"container\">\n\t\t\t\t\t<div class=\"e-con-inner\">\n\t\t\t\t<div class=\"elementor-element elementor-element-aa506cc elementor-align-right exad-sticky-section-no exad-glass-effect-no elementor-invisible elementor-widget elementor-widget-button\" data-id=\"aa506cc\" data-element_type=\"widget\" data-e-type=\"widget\" data-settings=\"{&quot;_animation&quot;:&quot;fadeIn&quot;,&quot;_animation_delay&quot;:200}\" data-widget_type=\"button.default\">\n\t\t\t\t<div class=\"elementor-widget-container\">\n\t\t\t\t\t\t\t\t\t<div class=\"elementor-button-wrapper\">\n\t\t\t\t\t<a class=\"elementor-button elementor-button-link elementor-size-sm\" href=\"https:\/\/grupoborealgas.com\/vehicular\/#beneficios\">\n\t\t\t\t\t\t<span class=\"elementor-button-content-wrapper\">\n\t\t\t\t\t\t\t\t\t<span class=\"elementor-button-text\">M\u00c1S BENEFICIOS<\/span>\n\t\t\t\t\t<\/span>\n\t\t\t\t\t<\/a>\n\t\t\t\t<\/div>\n\t\t\t\t\t\t\t\t<\/div>\n\t\t\t\t<\/div>\n\t\t\t\t\t<\/div>\n\t\t\t\t<\/div>\n\t\t\t\t<\/div>\n\t\t","protected":false},"excerpt":{"rendered":"<p>CALCULA TU AHORRO EN GAS NATURAL VEH\u00cdCULAR Eco-n\u00f3micamente Eco-l\u00f3gico M\u00c1S BENEFICIOS<\/p>\n","protected":false},"author":1,"featured_media":0,"parent":0,"menu_order":0,"comment_status":"closed","ping_status":"closed","template":"","meta":{"_mo_disable_npp":"","footnotes":""},"class_list":["post-594","page","type-page","status-publish","hentry"],"_links":{"self":[{"href":"https:\/\/grupoborealgas.com\/vehicular\/wp-json\/wp\/v2\/pages\/594","targetHints":{"allow":["GET"]}}],"collection":[{"href":"https:\/\/grupoborealgas.com\/vehicular\/wp-json\/wp\/v2\/pages"}],"about":[{"href":"https:\/\/grupoborealgas.com\/vehicular\/wp-json\/wp\/v2\/types\/page"}],"author":[{"embeddable":true,"href":"https:\/\/grupoborealgas.com\/vehicular\/wp-json\/wp\/v2\/users\/1"}],"replies":[{"embeddable":true,"href":"https:\/\/grupoborealgas.com\/vehicular\/wp-json\/wp\/v2\/comments?post=594"}],"version-history":[{"count":20,"href":"https:\/\/grupoborealgas.com\/vehicular\/wp-json\/wp\/v2\/pages\/594\/revisions"}],"predecessor-version":[{"id":1111,"href":"https:\/\/grupoborealgas.com\/vehicular\/wp-json\/wp\/v2\/pages\/594\/revisions\/1111"}],"wp:attachment":[{"href":"https:\/\/grupoborealgas.com\/vehicular\/wp-json\/wp\/v2\/media?parent=594"}],"curies":[{"name":"wp","href":"https:\/\/api.w.org\/{rel}","templated":true}]}}